{"id":504,"date":"2025-03-09T10:42:40","date_gmt":"2025-03-09T13:42:40","guid":{"rendered":"https:\/\/tienda.informationway.com.ar\/?post_type=product&#038;p=504"},"modified":"2025-07-14T10:29:13","modified_gmt":"2025-07-14T13:29:13","slug":"funda-magnetica-para-iphone-13-y-iphone-14","status":"publish","type":"product","link":"https:\/\/infoway.ar\/tienda\/producto\/funda-magnetica-para-iphone-13-y-iphone-14\/","title":{"rendered":"Funda Magn\u00e9tica para iPhone 13 y iPhone 14"},"content":{"rendered":"<p>&nbsp;<\/p>\n<p><span id=\"productTitle\" class=\"a-size-large product-title-word-break\">SUPFINE &#8211; Funda magn\u00e9tica para iPhone 14 y iPhone 13, apta para MagSafe (protecci\u00f3n contra ca\u00eddas de grado militar de 10 pies), delgada, transl\u00facida, a prueba de golpes, funda antihuellas, negro.<\/span><\/p>\n","protected":false},"excerpt":{"rendered":"<p id=\"title\" class=\"a-size-large a-spacing-none\" style=\"text-align: left;\"><span id=\"productTitle\" class=\"a-size-large product-title-word-break\"><span style=\"color: #000000;\">SUPFINE &#8211; Funda magn\u00e9tica para iPhone 14 y iPhone 13, apta para MagSafe (protecci\u00f3n contra ca\u00eddas de grado militar de 10 pies), delgada, transl\u00facida, a prueba de golpes, funda antihuellas, negro.<\/span><br \/>\n<span style=\"color: #000000;\">ENVIANOS TU CONSULTA POR WATHAPP HACIENDO REFERENCIA POR EL \u00abSKU\u00bb DEL PRODUCTO (SE ENCUENTRA DEBAJO DE ESTA DESCRIPCION) DE TU INTERES Y TE RESPONDEREMOS LO QUE NECESITES A LA MAYOR BREVEDAD POSIBLE!, MUCHAS GRACIAS.<\/span><br \/>\n<\/span><\/p>\n","protected":false},"featured_media":508,"comment_status":"open","ping_status":"closed","template":"","meta":{"site-sidebar-layout":"default","site-content-layout":"","ast-site-content-layout":"default","site-content-style":"default","site-sidebar-style":"default","ast-global-header-display":"","ast-banner-title-visibility":"","ast-main-header-display":"","ast-hfb-above-header-display":"","ast-hfb-below-header-display":"","ast-hfb-mobile-header-display":"","site-post-title":"","ast-breadcrumbs-content":"","ast-featured-img":"","footer-sml-layout":"","theme-transparent-header-meta":"default","adv-header-id-meta":"","stick-header-meta":"","header-above-stick-meta":"","header-main-stick-meta":"","header-below-stick-meta":"","astra-migrate-meta-layouts":"set","ast-page-background-enabled":"default","ast-page-background-meta":{"desktop":{"background-color":"var(--ast-global-color-5)","background-image":"","background-repeat":"repeat","background-position":"center center","background-size":"auto","background-attachment":"scroll","background-type":"","background-media":"","overlay-type":"","overlay-color":"","overlay-opacity":"","overlay-gradient":""},"tablet":{"background-color":"","background-image":"","background-repeat":"repeat","background-position":"center center","background-size":"auto","background-attachment":"scroll","background-type":"","background-media":"","overlay-type":"","overlay-color":"","overlay-opacity":"","overlay-gradient":""},"mobile":{"background-color":"","background-image":"","background-repeat":"repeat","background-position":"center center","background-size":"auto","background-attachment":"scroll","background-type":"","background-media":"","overlay-type":"","overlay-color":"","overlay-opacity":"","overlay-gradient":""}},"ast-content-background-meta":{"desktop":{"background-color":"var(--ast-global-color-4)","background-image":"","background-repeat":"repeat","background-position":"center center","background-size":"auto","background-attachment":"scroll","background-type":"","background-media":"","overlay-type":"","overlay-color":"","overlay-opacity":"","overlay-gradient":""},"tablet":{"background-color":"var(--ast-global-color-4)","background-image":"","background-repeat":"repeat","background-position":"center center","background-size":"auto","background-attachment":"scroll","background-type":"","background-media":"","overlay-type":"","overlay-color":"","overlay-opacity":"","overlay-gradient":""},"mobile":{"background-color":"var(--ast-global-color-4)","background-image":"","background-repeat":"repeat","background-position":"center center","background-size":"auto","background-attachment":"scroll","background-type":"","background-media":"","overlay-type":"","overlay-color":"","overlay-opacity":"","overlay-gradient":""}},"_joinchat":[]},"product_brand":[],"product_cat":[66],"product_tag":[20,67,68,70,43],"class_list":{"0":"post-504","1":"product","2":"type-product","3":"status-publish","4":"has-post-thumbnail","6":"product_cat-fundas-iphone-13","7":"product_tag-apple","8":"product_tag-fundas","9":"product_tag-iphone-13","10":"product_tag-magnetica","11":"product_tag-proteccion","12":"desktop-align-center","13":"tablet-align-left","14":"mobile-align-left","16":"first","17":"instock","18":"purchasable","19":"product-type-simple"},"_links":{"self":[{"href":"https:\/\/infoway.ar\/tienda\/wp-json\/wp\/v2\/product\/504","targetHints":{"allow":["GET"]}}],"collection":[{"href":"https:\/\/infoway.ar\/tienda\/wp-json\/wp\/v2\/product"}],"about":[{"href":"https:\/\/infoway.ar\/tienda\/wp-json\/wp\/v2\/types\/product"}],"replies":[{"embeddable":true,"href":"https:\/\/infoway.ar\/tienda\/wp-json\/wp\/v2\/comments?post=504"}],"wp:featuredmedia":[{"embeddable":true,"href":"https:\/\/infoway.ar\/tienda\/wp-json\/wp\/v2\/media\/508"}],"wp:attachment":[{"href":"https:\/\/infoway.ar\/tienda\/wp-json\/wp\/v2\/media?parent=504"}],"wp:term":[{"taxonomy":"product_brand","embeddable":true,"href":"https:\/\/infoway.ar\/tienda\/wp-json\/wp\/v2\/product_brand?post=504"},{"taxonomy":"product_cat","embeddable":true,"href":"https:\/\/infoway.ar\/tienda\/wp-json\/wp\/v2\/product_cat?post=504"},{"taxonomy":"product_tag","embeddable":true,"href":"https:\/\/infoway.ar\/tienda\/wp-json\/wp\/v2\/product_tag?post=504"}],"curies":[{"name":"wp","href":"https:\/\/api.w.org\/{rel}","templated":true}]}}