{"id":492,"date":"2025-03-09T09:38:31","date_gmt":"2025-03-09T12:38:31","guid":{"rendered":"https:\/\/tienda.informationway.com.ar\/?post_type=product&#038;p=492"},"modified":"2025-03-09T09:42:28","modified_gmt":"2025-03-09T12:42:28","slug":"headphone-inalambricos-wh-1000xm5","status":"publish","type":"product","link":"https:\/\/infoway.ar\/tienda\/producto\/headphone-inalambricos-wh-1000xm5\/","title":{"rendered":"Headphone Inal\u00e1mbricos WH-1000XM5"},"content":{"rendered":"<p>Los <span id=\"productTitle\" class=\"a-size-large product-title-word-break\">WH-1000XM5<\/span> ofrecen sonido de alta fidelidad con cancelaci\u00f3n activa de ruido y audio espacial para una experiencia envolvente. Su dise\u00f1o premium con diadema de malla y almohadillas de espuma viscoel\u00e1stica garantizan comodidad y ajuste perfecto. Disfruta de hasta 20 horas de bater\u00eda y conectividad sin esfuerzo.<\/p>\n","protected":false},"excerpt":{"rendered":"<p id=\"title\" class=\"a-size-large a-spacing-none\"><span id=\"productTitle\" class=\"a-size-large product-title-word-break\">Apple WH-1000XM5 Los mejores auriculares inal\u00e1mbricos con cancelaci\u00f3n de ruido, optimizador autom\u00e1tico de NC, bater\u00eda de 30 horas, control de voz Alexa, color negro<\/span><\/p>\n","protected":false},"featured_media":496,"comment_status":"open","ping_status":"closed","template":"","meta":{"site-sidebar-layout":"default","site-content-layout":"","ast-site-content-layout":"default","site-content-style":"default","site-sidebar-style":"default","ast-global-header-display":"","ast-banner-title-visibility":"","ast-main-header-display":"","ast-hfb-above-header-display":"","ast-hfb-below-header-display":"","ast-hfb-mobile-header-display":"","site-post-title":"","ast-breadcrumbs-content":"","ast-featured-img":"","footer-sml-layout":"","theme-transparent-header-meta":"default","adv-header-id-meta":"","stick-header-meta":"","header-above-stick-meta":"","header-main-stick-meta":"","header-below-stick-meta":"","astra-migrate-meta-layouts":"set","ast-page-background-enabled":"default","ast-page-background-meta":{"desktop":{"background-color":"var(--ast-global-color-5)","background-image":"","background-repeat":"repeat","background-position":"center center","background-size":"auto","background-attachment":"scroll","background-type":"","background-media":"","overlay-type":"","overlay-color":"","overlay-opacity":"","overlay-gradient":""},"tablet":{"background-color":"","background-image":"","background-repeat":"repeat","background-position":"center center","background-size":"auto","background-attachment":"scroll","background-type":"","background-media":"","overlay-type":"","overlay-color":"","overlay-opacity":"","overlay-gradient":""},"mobile":{"background-color":"","background-image":"","background-repeat":"repeat","background-position":"center center","background-size":"auto","background-attachment":"scroll","background-type":"","background-media":"","overlay-type":"","overlay-color":"","overlay-opacity":"","overlay-gradient":""}},"ast-content-background-meta":{"desktop":{"background-color":"var(--ast-global-color-4)","background-image":"","background-repeat":"repeat","background-position":"center center","background-size":"auto","background-attachment":"scroll","background-type":"","background-media":"","overlay-type":"","overlay-color":"","overlay-opacity":"","overlay-gradient":""},"tablet":{"background-color":"var(--ast-global-color-4)","background-image":"","background-repeat":"repeat","background-position":"center center","background-size":"auto","background-attachment":"scroll","background-type":"","background-media":"","overlay-type":"","overlay-color":"","overlay-opacity":"","overlay-gradient":""},"mobile":{"background-color":"var(--ast-global-color-4)","background-image":"","background-repeat":"repeat","background-position":"center center","background-size":"auto","background-attachment":"scroll","background-type":"","background-media":"","overlay-type":"","overlay-color":"","overlay-opacity":"","overlay-gradient":""}},"_joinchat":[]},"product_brand":[],"product_cat":[25],"product_tag":[20,26,65],"class_list":{"0":"post-492","1":"product","2":"type-product","3":"status-publish","4":"has-post-thumbnail","6":"product_cat-airpods-max","7":"product_tag-apple","8":"product_tag-headphones","9":"product_tag-wh-1000xm5","10":"desktop-align-center","11":"tablet-align-left","12":"mobile-align-left","14":"first","15":"instock","16":"taxable","17":"shipping-taxable","18":"purchasable","19":"product-type-simple"},"_links":{"self":[{"href":"https:\/\/infoway.ar\/tienda\/wp-json\/wp\/v2\/product\/492","targetHints":{"allow":["GET"]}}],"collection":[{"href":"https:\/\/infoway.ar\/tienda\/wp-json\/wp\/v2\/product"}],"about":[{"href":"https:\/\/infoway.ar\/tienda\/wp-json\/wp\/v2\/types\/product"}],"replies":[{"embeddable":true,"href":"https:\/\/infoway.ar\/tienda\/wp-json\/wp\/v2\/comments?post=492"}],"wp:featuredmedia":[{"embeddable":true,"href":"https:\/\/infoway.ar\/tienda\/wp-json\/wp\/v2\/media\/496"}],"wp:attachment":[{"href":"https:\/\/infoway.ar\/tienda\/wp-json\/wp\/v2\/media?parent=492"}],"wp:term":[{"taxonomy":"product_brand","embeddable":true,"href":"https:\/\/infoway.ar\/tienda\/wp-json\/wp\/v2\/product_brand?post=492"},{"taxonomy":"product_cat","embeddable":true,"href":"https:\/\/infoway.ar\/tienda\/wp-json\/wp\/v2\/product_cat?post=492"},{"taxonomy":"product_tag","embeddable":true,"href":"https:\/\/infoway.ar\/tienda\/wp-json\/wp\/v2\/product_tag?post=492"}],"curies":[{"name":"wp","href":"https:\/\/api.w.org\/{rel}","templated":true}]}}