{"id":9,"date":"2025-02-22T11:49:07","date_gmt":"2025-02-22T14:49:07","guid":{"rendered":"https:\/\/tienda.informationway.com.ar\/?page_id=9"},"modified":"2025-02-22T11:49:53","modified_gmt":"2025-02-22T14:49:53","slug":"9-2","status":"publish","type":"page","link":"https:\/\/infoway.ar\/tienda\/9-2\/","title":{"rendered":"Pol\u00edtica de env\u00edos"},"content":{"rendered":"<p><strong>\u00bfCu\u00e1ndo ser\u00e1 procesado mi pedido?<\/strong><\/p><p>Todos los pedidos se manejan y se env\u00edan desde nuestro almac\u00e9n en Bs As. Por favor, espere un tiempo adicional para que su pedido sea procesado durante las vacaciones y las temporadas de rebajas. Procesamos pedidos de lunes a viernes. Los pedidos se procesar\u00e1n dentro de 3-5 d\u00edas h\u00e1biles a partir de la fecha del pedido y se enviar\u00e1n al d\u00eda siguiente despu\u00e9s del d\u00eda de procesamiento. Tenga en cuenta que no enviamos los fines de semana ni d\u00edas feriados.<\/p><p><strong>\u00bfCu\u00e1nto tiempo llevar\u00e1 recibir mi pedido?<\/strong><\/p><p>Una vez que realice su pedido, espere de 3 a 5 d\u00edas h\u00e1biles para procesar sus pedidos. Despu\u00e9s de eso, tomar\u00e1 entre 3 y 5 d\u00edas h\u00e1biles para la entrega en Argentina (seg\u00fan la ubicaci\u00f3n).<\/p><p><strong>\u00bfMe cobrar\u00e1n impuestos y aduanas?<\/strong><\/p><p>Los precios que se muestran en nuestro sitio est\u00e1n libres de impuestos.<\/p><p><\/p>","protected":false},"excerpt":{"rendered":"<p>\u00bfCu\u00e1ndo ser\u00e1 procesado mi pedido? Todos los pedidos se manejan y se env\u00edan desde nuestro almac\u00e9n en Bs As. Por [&hellip;]<\/p>\n","protected":false},"author":1,"featured_media":0,"parent":0,"menu_order":0,"comment_status":"closed","ping_status":"closed","template":"","meta":{"site-sidebar-layout":"default","site-content-layout":"","ast-site-content-layout":"","site-content-style":"default","site-sidebar-style":"default","ast-global-header-display":"","ast-banner-title-visibility":"","ast-main-header-display":"","ast-hfb-above-header-display":"","ast-hfb-below-header-display":"","ast-hfb-mobile-header-display":"","site-post-title":"","ast-breadcrumbs-content":"","ast-featured-img":"","footer-sml-layout":"","theme-transparent-header-meta":"","adv-header-id-meta":"","stick-header-meta":"","header-above-stick-meta":"","header-main-stick-meta":"","header-below-stick-meta":"","astra-migrate-meta-layouts":"default","ast-page-background-enabled":"default","ast-page-background-meta":{"desktop":{"background-color":"var(--ast-global-color-5)","background-image":"","background-repeat":"repeat","background-position":"center center","background-size":"auto","background-attachment":"scroll","background-type":"","background-media":"","overlay-type":"","overlay-color":"","overlay-opacity":"","overlay-gradient":""},"tablet":{"background-color":"","background-image":"","background-repeat":"repeat","background-position":"center center","background-size":"auto","background-attachment":"scroll","background-type":"","background-media":"","overlay-type":"","overlay-color":"","overlay-opacity":"","overlay-gradient":""},"mobile":{"background-color":"","background-image":"","background-repeat":"repeat","background-position":"center center","background-size":"auto","background-attachment":"scroll","background-type":"","background-media":"","overlay-type":"","overlay-color":"","overlay-opacity":"","overlay-gradient":""}},"ast-content-background-meta":{"desktop":{"background-color":"var(--ast-global-color-4)","background-image":"","background-repeat":"repeat","background-position":"center center","background-size":"auto","background-attachment":"scroll","background-type":"","background-media":"","overlay-type":"","overlay-color":"","overlay-opacity":"","overlay-gradient":""},"tablet":{"background-color":"var(--ast-global-color-4)","background-image":"","background-repeat":"repeat","background-position":"center center","background-size":"auto","background-attachment":"scroll","background-type":"","background-media":"","overlay-type":"","overlay-color":"","overlay-opacity":"","overlay-gradient":""},"mobile":{"background-color":"var(--ast-global-color-4)","background-image":"","background-repeat":"repeat","background-position":"center center","background-size":"auto","background-attachment":"scroll","background-type":"","background-media":"","overlay-type":"","overlay-color":"","overlay-opacity":"","overlay-gradient":""}},"_joinchat":[],"footnotes":""},"class_list":["post-9","page","type-page","status-publish","hentry"],"_links":{"self":[{"href":"https:\/\/infoway.ar\/tienda\/wp-json\/wp\/v2\/pages\/9","targetHints":{"allow":["GET"]}}],"collection":[{"href":"https:\/\/infoway.ar\/tienda\/wp-json\/wp\/v2\/pages"}],"about":[{"href":"https:\/\/infoway.ar\/tienda\/wp-json\/wp\/v2\/types\/page"}],"author":[{"embeddable":true,"href":"https:\/\/infoway.ar\/tienda\/wp-json\/wp\/v2\/users\/1"}],"replies":[{"embeddable":true,"href":"https:\/\/infoway.ar\/tienda\/wp-json\/wp\/v2\/comments?post=9"}],"version-history":[{"count":2,"href":"https:\/\/infoway.ar\/tienda\/wp-json\/wp\/v2\/pages\/9\/revisions"}],"predecessor-version":[{"id":13,"href":"https:\/\/infoway.ar\/tienda\/wp-json\/wp\/v2\/pages\/9\/revisions\/13"}],"wp:attachment":[{"href":"https:\/\/infoway.ar\/tienda\/wp-json\/wp\/v2\/media?parent=9"}],"curies":[{"name":"wp","href":"https:\/\/api.w.org\/{rel}","templated":true}]}}