{"id":17,"date":"2025-02-22T12:02:43","date_gmt":"2025-02-22T15:02:43","guid":{"rendered":"https:\/\/tienda.informationway.com.ar\/?page_id=17"},"modified":"2025-02-22T12:02:43","modified_gmt":"2025-02-22T15:02:43","slug":"politicas-de-reembolso","status":"publish","type":"page","link":"https:\/\/infoway.ar\/tienda\/politicas-de-reembolso\/","title":{"rendered":"Pol\u00edticas de reembolso"},"content":{"rendered":"<p><strong>Devoluciones<\/strong><\/p><p>Nuestra pol\u00edtica dura 30 d\u00edas. Si han pasado 30 d\u00edas desde su compra, desafortunadamente no podemos ofrecerle un reembolso o cambio.<\/p><p>Para ser elegible para una devoluci\u00f3n, su art\u00edculo debe estar sin usar y en las mismas condiciones en que lo recibi\u00f3. Tambi\u00e9n debe estar en el embalaje original.<\/p><p>Varios tipos de productos est\u00e1n exentos de ser devueltos. Los productos perecederos como alimentos, flores, peri\u00f3dicos o revistas no pueden devolverse. Tampoco aceptamos productos que sean productos \u00edntimos o sanitarios, materiales peligrosos o l\u00edquidos o gases inflamables.<\/p><p>Art\u00edculos adicionales no retornables:<\/p><p>&#8211; Tarjetas de regalo<\/p><p>&#8211; Productos de software descargables<\/p><p>&#8211; Algunos art\u00edculos de salud y cuidado personal<\/p><p>Para completar su devoluci\u00f3n, requerimos un recibo o comprobante de compra.<\/p><p>No env\u00ede su compra de vuelta al fabricante.<\/p><p>Hay ciertas situaciones en las que solo se otorgan reembolsos parciales (si corresponde)<\/p><p>&#8211; Libro con signos evidentes de uso<\/p><p>&#8211; CD, DVD, cinta VHS, software, videojuego, cinta de cassette o disco de vinilo que se ha abierto<\/p><p>&#8211; Cualquier art\u00edculo que no est\u00e9 en su estado original, est\u00e1 da\u00f1ado o le faltan piezas por razones que no se deben a nuestro error<\/p><p>&#8211; Cualquier art\u00edculo devuelto m\u00e1s de 30 d\u00edas despu\u00e9s entrega<\/p><p><strong>Reembolsos (si corresponde)<\/strong><\/p><p>Una vez que se reciba e inspeccione su devoluci\u00f3n, le enviaremos un correo electr\u00f3nico para notificarle que hemos recibido su art\u00edculo devuelto. Tambi\u00e9n le notificaremos la aprobaci\u00f3n o rechazo de su reembolso.<\/p><p>Si es aprobado, su reembolso ser\u00e1 procesado y se aplicar\u00e1 autom\u00e1ticamente un cr\u00e9dito a su tarjeta de cr\u00e9dito o m\u00e9todo de pago original, dentro de un cierto cantidad de d\u00edas.<\/p><p><strong>Reembolsos tard\u00edos o faltantes (si corresponde)<\/strong><\/p><p>Si a\u00fan no ha recibido un reembolso, primero verifique su cuenta bancaria nuevamente.<\/p><p>Luego comun\u00edquese con la compa\u00f1\u00eda de su tarjeta de cr\u00e9dito, puede pasar alg\u00fan tiempo antes de que su reembolso se publique oficialmente.<\/p><p>Luego contacte a su banco. A menudo hay alg\u00fan tiempo de procesamiento antes de que se publique un reembolso.<\/p><p>Si ha hecho todo esto y a\u00fan no ha recibido su reembolso, cont\u00e1ctenos en info@informationway.com.ar.<\/p><p><strong>Art\u00edculos en oferta (si corresponde)<\/strong><\/p><p>Solo se pueden reembolsar los art\u00edculos a precio regular, desafortunadamente los art\u00edculos en oferta no se pueden reembolsar.<\/p><p><strong>Intercambios (si corresponde)<\/strong><\/p><p>Solo reemplazamos los art\u00edculos si est\u00e1n defectuosos o da\u00f1ados. Si necesita cambiarlo por el mismo art\u00edculo, env\u00edenos un correo electr\u00f3nico a info@informationway.com.ar y env\u00ede su art\u00edculo a: Agustin Garcia 7278 126, 1648 Benavidez, Buenos Aires, Argentina.<\/p><p><strong>Regalos<\/strong><\/p><p>Si el art\u00edculo se marc\u00f3 como regalo cuando se compr\u00f3 y se le envi\u00f3 directamente a usted, recibir\u00e1 un cr\u00e9dito de regalo por el valor de su devoluci\u00f3n. Una vez que se reciba el art\u00edculo devuelto, se le enviar\u00e1 un certificado de regalo.<\/p><p>Si el art\u00edculo no se marc\u00f3 como regalo cuando lo compr\u00f3, o si el donante recibi\u00f3 el pedido para que se lo env\u00eden m\u00e1s tarde, le enviaremos un reembolso al donante y \u00e9l encontrar\u00e1 fuera de su regreso.<\/p><p><strong>Env\u00edo<\/strong><\/p><p>Para devolver su producto, debe enviarlo por correo a: Agustin Garcia 7278 126, 1648 Benavidez, Buenos Aires, Argentina.<\/p><p>Usted ser\u00e1 responsable de pagar sus propios costos de env\u00edo para devolver su art\u00edculo. Los gastos de env\u00edo no son reembolsables. Si recibe un reembolso, el costo del env\u00edo de devoluci\u00f3n se deducir\u00e1 de su reembolso.<\/p><p>Dependiendo de d\u00f3nde viva, el tiempo que le tome a su producto intercambiado llegar a usted puede variar.<\/p><p>Si est\u00e1 enviando un art\u00edculo de m\u00e1s de $75, deber\u00eda considerar usar un servicio de env\u00edo rastreable o comprar un seguro de env\u00edo. No garantizamos que recibiremos su art\u00edculo devuelto.<\/p><p><\/p>","protected":false},"excerpt":{"rendered":"<p>Devoluciones Nuestra pol\u00edtica dura 30 d\u00edas. Si han pasado 30 d\u00edas desde su compra, desafortunadamente no podemos ofrecerle un reembolso [&hellip;]<\/p>\n","protected":false},"author":1,"featured_media":0,"parent":0,"menu_order":0,"comment_status":"closed","ping_status":"closed","template":"","meta":{"site-sidebar-layout":"default","site-content-layout":"","ast-site-content-layout":"","site-content-style":"default","site-sidebar-style":"default","ast-global-header-display":"","ast-banner-title-visibility":"","ast-main-header-display":"","ast-hfb-above-header-display":"","ast-hfb-below-header-display":"","ast-hfb-mobile-header-display":"","site-post-title":"","ast-breadcrumbs-content":"","ast-featured-img":"","footer-sml-layout":"","theme-transparent-header-meta":"","adv-header-id-meta":"","stick-header-meta":"","header-above-stick-meta":"","header-main-stick-meta":"","header-below-stick-meta":"","astra-migrate-meta-layouts":"default","ast-page-background-enabled":"default","ast-page-background-meta":{"desktop":{"background-color":"var(--ast-global-color-5)","background-image":"","background-repeat":"repeat","background-position":"center center","background-size":"auto","background-attachment":"scroll","background-type":"","background-media":"","overlay-type":"","overlay-color":"","overlay-opacity":"","overlay-gradient":""},"tablet":{"background-color":"","background-image":"","background-repeat":"repeat","background-position":"center center","background-size":"auto","background-attachment":"scroll","background-type":"","background-media":"","overlay-type":"","overlay-color":"","overlay-opacity":"","overlay-gradient":""},"mobile":{"background-color":"","background-image":"","background-repeat":"repeat","background-position":"center center","background-size":"auto","background-attachment":"scroll","background-type":"","background-media":"","overlay-type":"","overlay-color":"","overlay-opacity":"","overlay-gradient":""}},"ast-content-background-meta":{"desktop":{"background-color":"var(--ast-global-color-4)","background-image":"","background-repeat":"repeat","background-position":"center center","background-size":"auto","background-attachment":"scroll","background-type":"","background-media":"","overlay-type":"","overlay-color":"","overlay-opacity":"","overlay-gradient":""},"tablet":{"background-color":"var(--ast-global-color-4)","background-image":"","background-repeat":"repeat","background-position":"center center","background-size":"auto","background-attachment":"scroll","background-type":"","background-media":"","overlay-type":"","overlay-color":"","overlay-opacity":"","overlay-gradient":""},"mobile":{"background-color":"var(--ast-global-color-4)","background-image":"","background-repeat":"repeat","background-position":"center center","background-size":"auto","background-attachment":"scroll","background-type":"","background-media":"","overlay-type":"","overlay-color":"","overlay-opacity":"","overlay-gradient":""}},"_joinchat":[],"footnotes":""},"class_list":["post-17","page","type-page","status-publish","hentry"],"_links":{"self":[{"href":"https:\/\/infoway.ar\/tienda\/wp-json\/wp\/v2\/pages\/17","targetHints":{"allow":["GET"]}}],"collection":[{"href":"https:\/\/infoway.ar\/tienda\/wp-json\/wp\/v2\/pages"}],"about":[{"href":"https:\/\/infoway.ar\/tienda\/wp-json\/wp\/v2\/types\/page"}],"author":[{"embeddable":true,"href":"https:\/\/infoway.ar\/tienda\/wp-json\/wp\/v2\/users\/1"}],"replies":[{"embeddable":true,"href":"https:\/\/infoway.ar\/tienda\/wp-json\/wp\/v2\/comments?post=17"}],"version-history":[{"count":1,"href":"https:\/\/infoway.ar\/tienda\/wp-json\/wp\/v2\/pages\/17\/revisions"}],"predecessor-version":[{"id":19,"href":"https:\/\/infoway.ar\/tienda\/wp-json\/wp\/v2\/pages\/17\/revisions\/19"}],"wp:attachment":[{"href":"https:\/\/infoway.ar\/tienda\/wp-json\/wp\/v2\/media?parent=17"}],"curies":[{"name":"wp","href":"https:\/\/api.w.org\/{rel}","templated":true}]}}